{"id":3005,"date":"2022-06-15T05:21:30","date_gmt":"2022-06-15T05:21:30","guid":{"rendered":"https:\/\/demcoretech.com\/contact\/"},"modified":"2025-05-30T12:29:30","modified_gmt":"2025-05-30T12:29:30","slug":"contact","status":"publish","type":"page","link":"https:\/\/demcoretech.com\/tr\/contact\/","title":{"rendered":"Contact"},"content":{"rendered":"\t\t<div data-elementor-type=\"wp-page\" data-elementor-id=\"3005\" class=\"elementor elementor-3005\">\n\t\t\t\t\t\t<section class=\"elementor-section elementor-top-section elementor-element elementor-element-3f2d756 elementor-section-full_width elementor-section-stretched elementor-section-height-default elementor-section-height-default\" data-id=\"3f2d756\" data-element_type=\"section\" data-settings=\"{&quot;stretch_section&quot;:&quot;section-stretched&quot;}\">\n\t\t\t\t\t\t<div class=\"elementor-container elementor-column-gap-no\">\n\t\t\t\t\t<div class=\"elementor-column elementor-col-100 elementor-top-column elementor-element elementor-element-7a4b3bf\" data-id=\"7a4b3bf\" data-element_type=\"column\">\n\t\t\t<div class=\"elementor-widget-wrap elementor-element-populated\">\n\t\t\t\t\t\t<div class=\"elementor-element elementor-element-43126aa elementor-widget elementor-widget-crysa_contact\" data-id=\"43126aa\" data-element_type=\"widget\" data-widget_type=\"crysa_contact.default\">\n\t\t\t\t<div class=\"elementor-widget-container\">\n\t\t\t\t\t    <!-- Start Contact Us \r\n    ============================================= -->\r\n    <div class=\"contact-area\">\r\n        <div class=\"container\">\r\n            <div class=\"contact-style-two-items text-center bg-gradient text-light\">\r\n            \t                <!-- Shape -->\r\n                <div class=\"shape-left-top\" style=\"background-image: url(https:\/\/validthemes.net\/themeforest\/wp\/crysa\/wp-content\/uploads\/2022\/06\/25.png);\"><\/div>\r\n                <!-- Shape -->\r\n            \t                <div class=\"row\">\r\n                \t\t                    <!-- Single Item -->\r\n\t                    <div class=\"col-lg-4 contact-style-two\">\r\n\t                        <div class=\"item\">\r\n\t                            \t                            \t                                                                <i class=\"fas fa-map-marker-alt\"><\/i>\r\n                                \t                            <h4 class=\"title\">Head Quarter<\/h4>\r\n\t                            <p>\r\n\t                                Bili\u015fim Vadisi Technology Park\nAyaza\u011fa Mah. Kemerburgaz Cad. Vadi \u0130stanbul Park 7A Blok No:7B\/2 Sar\u0131yer \u0130stanbul\/T\u00fcrkiye\t                            <\/p>\r\n\t                            <a href=\"\"><\/a>\r\n\t                        <\/div>\r\n\t                    <\/div>\r\n\t                    <!-- End Single Item -->\r\n                \t\t                    <!-- Single Item -->\r\n\t                    <div class=\"col-lg-4 contact-style-two\">\r\n\t                        <div class=\"item\">\r\n\t                            \t                            \t                                                                <i class=\"fas fa-envelope-open-text\"><\/i>\r\n                                \t                            <h4 class=\"title\">Phone &amp; Email<\/h4>\r\n\t                            <p>\r\n\t                                You can reach us by calling us by phone or sending us an e-mail.<br><br>+ 90 212 909 85 00\t                            <\/p>\r\n\t                            <a href=\"mailto:info@demcore.com\">info@demcore.com\n<\/a>\r\n\t                        <\/div>\r\n\t                    <\/div>\r\n\t                    <!-- End Single Item -->\r\n                \t\t                    <!-- Single Item -->\r\n\t                    <div class=\"col-lg-4 contact-style-two\">\r\n\t                        <div class=\"item\">\r\n\t                            \t                            \t                                                                <i class=\"fas fa-map-marker-alt\"><\/i>\r\n                                \t                            <h4 class=\"title\">Factory<\/h4>\r\n\t                            <p>\r\n\t                                \u00c7erke\u015fli OSB Mahallesi, \u0130MES 16. Cad. No:2, 41040 Dilovas\u0131\/Kocaeli\t                            <\/p>\r\n\t                            <a href=\"\"><\/a>\r\n\t                        <\/div>\r\n\t                    <\/div>\r\n\t                    <!-- End Single Item -->\r\n                \t                <\/div>\r\n            <\/div>\r\n        <\/div>\r\n    <\/div>\r\n    <!-- End Contact -->\r\n    \t\t\t\t<\/div>\n\t\t\t\t<\/div>\n\t\t\t\t\t<\/div>\n\t\t<\/div>\n\t\t\t\t\t<\/div>\n\t\t<\/section>\n\t\t\t\t<section class=\"elementor-section elementor-top-section elementor-element elementor-element-b7ddabd elementor-section-full_width elementor-section-stretched elementor-section-height-default elementor-section-height-default\" data-id=\"b7ddabd\" data-element_type=\"section\" data-settings=\"{&quot;stretch_section&quot;:&quot;section-stretched&quot;}\">\n\t\t\t\t\t\t<div class=\"elementor-container elementor-column-gap-no\">\n\t\t\t\t\t<div class=\"elementor-column elementor-col-100 elementor-top-column elementor-element elementor-element-fb20637\" data-id=\"fb20637\" data-element_type=\"column\">\n\t\t\t<div class=\"elementor-widget-wrap elementor-element-populated\">\n\t\t\t\t\t\t<div class=\"elementor-element elementor-element-b03baea elementor-widget elementor-widget-crysa_contact_us_form\" data-id=\"b03baea\" data-element_type=\"widget\" data-widget_type=\"crysa_contact_us_form.default\">\n\t\t\t\t<div class=\"elementor-widget-container\">\n\t\t\t\t\t\r\n    <!-- Start Contact Form \r\n    ============================================= -->\r\n    <div id=\"contact\" class=\"contact-form-area default-padding bg-gray overflow-hidden\">\r\n        <!-- Shape -->\r\n        <div class=\"shape-right-bottom-large\" style=\"background-image: url(https:\/\/validthemes.net\/themeforest\/wp\/crysa\/wp-content\/uploads\/2022\/06\/16.png)\"><\/div>\r\n        <!-- Shape -->\r\n        <div class=\"google-maps\">\r\n            <iframe src=\"https:\/\/www.google.com\/maps\/embed?pb=!1m18!1m12!1m3!1d3019.281100926486!2d29.571656800000003!3d40.8217889!2m3!1f0!2f0!3f0!3m2!1i1024!2i768!4f13.1!3m3!1m2!1s0x14cb2fa772bbf0a5%3A0x2fe2dcb1bd8157d3!2zREVNQ09SRSBURUNITk9MT0dZIFZFIE3DnEhFTkTEsFNMxLBLIEFOT07EsE0gxZ7EsFJLRVTEsA!5e0!3m2!1str!2str!4v1736178011681!5m2!1str!2str\" width=\"600\" height=\"450\" style=\"border:0;\" allowfullscreen=\"\" loading=\"lazy\" referrerpolicy=\"no-referrer-when-downgrade\"><\/iframe>        <\/div>\r\n        <div class=\"container\">\r\n            <!-- Contact Form -->\r\n            <div class=\"row\">\r\n                <div class=\"col-xl-6 offset-xl-6 col-lg-7 offset-lg-5\">\r\n                    <div class=\"form\">\r\n                        <h4 class=\"sub-heading\">CONTACT US<\/h4>\r\n                        <h2 class=\"heading\">Have Questions<br>\nVisit us now!<\/h2>\r\n                                           <\/div>\r\n                <\/div>\r\n            <\/div>\r\n            <!-- End Contact Form -->\r\n        <\/div>\r\n    <\/div>\r\n    <!-- End Contact Form -->\r\n\t\t\t\t\t<\/div>\n\t\t\t\t<\/div>\n\t\t\t\t\t<\/div>\n\t\t<\/div>\n\t\t\t\t\t<\/div>\n\t\t<\/section>\n\t\t\t\t<\/div>\n\t\t","protected":false},"excerpt":{"rendered":"<p>Head Quarter Bili\u015fim Vadisi Technology Park Ayaza\u011fa Mah. Kemerburgaz Cad. Vadi \u0130stanbul Park 7A Blok No:7B\/2 Sar\u0131yer \u0130stanbul\/T\u00fcrkiye Phone &amp; Email You can reach us by calling us by phone or sending us an e-mail. + 90 212 909 85 00 info@demcore.com Factory \u00c7erke\u015fli OSB Mahallesi, \u0130MES 16. Cad. No:2, 41040 Dilovas\u0131\/Kocaeli CONTACT US Have [&hellip;]<\/p>\n","protected":false},"author":1,"featured_media":0,"parent":0,"menu_order":0,"comment_status":"closed","ping_status":"closed","template":"page-template\/crystal-template.php","meta":{"footnotes":""},"class_list":["post-3005","page","type-page","status-publish","hentry"],"_links":{"self":[{"href":"https:\/\/demcoretech.com\/tr\/wp-json\/wp\/v2\/pages\/3005","targetHints":{"allow":["GET"]}}],"collection":[{"href":"https:\/\/demcoretech.com\/tr\/wp-json\/wp\/v2\/pages"}],"about":[{"href":"https:\/\/demcoretech.com\/tr\/wp-json\/wp\/v2\/types\/page"}],"author":[{"embeddable":true,"href":"https:\/\/demcoretech.com\/tr\/wp-json\/wp\/v2\/users\/1"}],"replies":[{"embeddable":true,"href":"https:\/\/demcoretech.com\/tr\/wp-json\/wp\/v2\/comments?post=3005"}],"version-history":[{"count":16,"href":"https:\/\/demcoretech.com\/tr\/wp-json\/wp\/v2\/pages\/3005\/revisions"}],"predecessor-version":[{"id":3472,"href":"https:\/\/demcoretech.com\/tr\/wp-json\/wp\/v2\/pages\/3005\/revisions\/3472"}],"wp:attachment":[{"href":"https:\/\/demcoretech.com\/tr\/wp-json\/wp\/v2\/media?parent=3005"}],"curies":[{"name":"wp","href":"https:\/\/api.w.org\/{rel}","templated":true}]}}