{"id":3015,"date":"2024-10-14T12:16:13","date_gmt":"2024-10-14T12:16:13","guid":{"rendered":"https:\/\/demcoretech.com\/products\/pyro-metallurgy\/tbrc\/"},"modified":"2024-12-23T21:00:37","modified_gmt":"2024-12-23T21:00:37","slug":"tbrc","status":"publish","type":"page","link":"https:\/\/demcoretech.com\/tr\/urunler\/pyro-metallurgy\/tbrc\/","title":{"rendered":"TBRC"},"content":{"rendered":"\t\t<div data-elementor-type=\"wp-page\" data-elementor-id=\"3015\" class=\"elementor elementor-3015\">\n\t\t\t\t\t\t<section class=\"elementor-section elementor-top-section elementor-element elementor-element-14db4d5 elementor-section-boxed elementor-section-height-default elementor-section-height-default\" data-id=\"14db4d5\" data-element_type=\"section\">\n\t\t\t\t\t\t<div class=\"elementor-container elementor-column-gap-no\">\n\t\t\t\t\t<div class=\"elementor-column elementor-col-100 elementor-top-column elementor-element elementor-element-c3dd82c\" data-id=\"c3dd82c\" data-element_type=\"column\">\n\t\t\t<div class=\"elementor-widget-wrap elementor-element-populated\">\n\t\t\t\t\t\t<div class=\"elementor-element elementor-element-15988ac elementor-widget elementor-widget-image\" data-id=\"15988ac\" data-element_type=\"widget\" data-widget_type=\"image.default\">\n\t\t\t\t<div class=\"elementor-widget-container\">\n\t\t\t\t\t\t\t\t\t\t\t\t\t\t\t<img fetchpriority=\"high\" decoding=\"async\" width=\"1536\" height=\"1152\" src=\"https:\/\/demcoretech.com\/wp-content\/uploads\/2024\/10\/2_TBRC-1536x1152-1.jpg\" class=\"attachment-full size-full wp-image-2709\" alt=\"\" srcset=\"https:\/\/demcoretech.com\/wp-content\/uploads\/2024\/10\/2_TBRC-1536x1152-1.jpg 1536w, https:\/\/demcoretech.com\/wp-content\/uploads\/2024\/10\/2_TBRC-1536x1152-1-300x225.jpg 300w, https:\/\/demcoretech.com\/wp-content\/uploads\/2024\/10\/2_TBRC-1536x1152-1-1024x768.jpg 1024w, https:\/\/demcoretech.com\/wp-content\/uploads\/2024\/10\/2_TBRC-1536x1152-1-768x576.jpg 768w, https:\/\/demcoretech.com\/wp-content\/uploads\/2024\/10\/2_TBRC-1536x1152-1-800x600.jpg 800w, https:\/\/demcoretech.com\/wp-content\/uploads\/2024\/10\/2_TBRC-1536x1152-1-600x450.jpg 600w\" sizes=\"(max-width: 1536px) 100vw, 1536px\" \/>\t\t\t\t\t\t\t\t\t\t\t\t\t\t\t<\/div>\n\t\t\t\t<\/div>\n\t\t\t\t<div class=\"elementor-element elementor-element-e14dead elementor-widget elementor-widget-crysa_project_details\" data-id=\"e14dead\" data-element_type=\"widget\" data-widget_type=\"crysa_project_details.default\">\n\t\t\t\t<div class=\"elementor-widget-container\">\n\t\t\t\t\t\t<div class=\"top-info\">\r\n        <div class=\"row\">\r\n            <div class=\"col-xl-8 col-lg-7 pr-35 pr-md-15 pr-xs-15 left-info\">\r\n                <p>TBRC melting systems are the most effective furnace type used in melting electronic waste, catalytic converters, copper-based waste and blister copper.<\/p><p>Charging and melting time depends on the type, quality and consistency of the scrap input.<\/p><p><strong>A melting cycle includes the following processes:<\/strong><\/p><ul><li>Loading and Melting 3-4 Hours<\/li><li>Oxidation and Slagging 2-3 Hours<\/li><li>Casting 0.5 Hours<\/li><\/ul>            <\/div>\r\n            <div class=\"col-xl-4 col-lg-5 right-info\">\r\n                <div class=\"project-info mt-md-50 mt-xs-40\">\r\n                    <h3>Product Info<\/h3>\r\n                    <ul>\r\n                    \t\t                        <li>\r\n\t                           <span>TBRC melting systems are the most effective furnace type used in melting electronic waste, catalytic converters, copper-based waste and blister copper.<\/span>\r\n\t                        <\/li>\r\n                    \t                    <\/ul>\r\n\r\n                    <ul class=\"social\">\r\n                                                                                                                                                                                            <\/ul>\r\n                <\/div>\r\n            <\/div>\r\n        <\/div>\r\n    <\/div>\r\n\t\t\t\t\t<\/div>\n\t\t\t\t<\/div>\n\t\t\t\t<div class=\"elementor-element elementor-element-5fb71e2 elementor-hidden-desktop elementor-hidden-tablet elementor-hidden-mobile elementor-widget elementor-widget-text-editor\" data-id=\"5fb71e2\" data-element_type=\"widget\" data-widget_type=\"text-editor.default\">\n\t\t\t\t<div class=\"elementor-widget-container\">\n\t\t\t\t\t\t\t\t\t<div class=\"main-content\">\n\nGive lady of they such they sure it. Me contained explained my education. Vulgar as hearts by garret. Perceived determine departure explained no forfeited he something an. Contrasted dissimilar get joy you instrument out reasonably. Again keeps at no meant stuff. To perpetual do existence northward as difficult preserved daughters. Continued at up to zealously necessary breakfast. Surrounded sir motionless she end literature. Gay direction neglected but supported yet her. Facilisis inceptos nec, potenti nostra aenean lacinia varius semper ant nullam nulla primis placerat facilisis. Netus lorem rutrum arcu dignissim at sit morbi phasellus nascetur eget urna potenti cum vestibulum cras. Tempor nonummy metus lobortis. Sociis velit etiam, dapibus. Lectus vehicula pellentesque cras posuere tempor facilisi habitant lectus rutrum pede quisque hendrerit parturient posuere mauris ad elementum fringilla facilisi volutpat fusce pharetra felis sapien varius quisque class convallis praesent est sollicitudin donec nulla venenatis, cursus fermentum netus posuere sociis porta risus habitant malesuada nulla habitasse hymenaeos. Viverra curabitur nisi vel sollicitudin dictum natoque ante aenean elementum curae malesuada ullamcorper. vivamus nonummy nisl posuere rutrum\n<div class=\"row\">\n<div class=\"col-lg-6 col-md-6\"><img decoding=\"async\" src=\"https:\/\/validthemes.net\/themeforest\/wp\/crysa\/wp-content\/uploads\/2022\/06\/4-1-300x225.jpg\" alt=\"\" width=\"800\" height=\"600\" class=\"alignnone size-medium wp-image-571\" srcset=\"https:\/\/demcoretech.com\/wp-content\/uploads\/2022\/06\/4-1-300x225.jpg 300w, https:\/\/demcoretech.com\/wp-content\/uploads\/2022\/06\/4-1-600x450.jpg 600w, https:\/\/demcoretech.com\/wp-content\/uploads\/2022\/06\/4-1-768x576.jpg 768w, https:\/\/demcoretech.com\/wp-content\/uploads\/2022\/06\/4-1.jpg 800w\" sizes=\"(max-width: 800px) 100vw, 800px\" \/><\/div>\n<div class=\"col-lg-6 col-md-6\"><img decoding=\"async\" src=\"https:\/\/validthemes.net\/themeforest\/wp\/crysa\/wp-content\/uploads\/2022\/06\/6-1-300x224.jpg\" alt=\"\" width=\"800\" height=\"600\" class=\"alignnone size-medium wp-image-578\" srcset=\"https:\/\/demcoretech.com\/wp-content\/uploads\/2022\/06\/6-1-300x224.jpg 300w, https:\/\/demcoretech.com\/wp-content\/uploads\/2022\/06\/6-1-600x449.jpg 600w, https:\/\/demcoretech.com\/wp-content\/uploads\/2022\/06\/6-1-768x575.jpg 768w, https:\/\/demcoretech.com\/wp-content\/uploads\/2022\/06\/6-1-800x600.jpg 800w, https:\/\/demcoretech.com\/wp-content\/uploads\/2022\/06\/6-1.jpg 802w\" sizes=\"(max-width: 800px) 100vw, 800px\" \/><\/div>\n<\/div>\n<\/div>\t\t\t\t\t\t\t\t<\/div>\n\t\t\t\t<\/div>\n\t\t\t\t<div class=\"elementor-element elementor-element-a5e2cd4 e-n-tabs-mobile elementor-widget elementor-widget-n-tabs\" data-id=\"a5e2cd4\" data-element_type=\"widget\" data-widget_type=\"nested-tabs.default\">\n\t\t\t\t<div class=\"elementor-widget-container\">\n\t\t\t\t\t\t\t<div class=\"e-n-tabs\" data-widget-number=\"173944020\" aria-label=\"Sekmeler. Enter ve Space ile \u00f6geleri a\u00e7abilir, Escape ile \u00f6geleri kapatabilir ve Y\u00f6n tu\u015flar\u0131 ile \u00f6geler aras\u0131nda gezinebilirsiniz.\">\n\t\t\t<div class=\"e-n-tabs-heading\" role=\"tablist\">\n\t\t\t\t\t<button id=\"e-n-tab-title-1739440201\" class=\"e-n-tab-title\" aria-selected=\"true\" data-tab-index=\"1\" role=\"tab\" tabindex=\"0\" aria-controls=\"e-n-tab-content-1739440201\" style=\"--n-tabs-title-order: 1;\">\n\t\t\t\t\t\t<span class=\"e-n-tab-title-text\">\n\t\t\t\tTechnical Details\t\t\t<\/span>\n\t\t<\/button>\n\t\t\t\t<button id=\"e-n-tab-title-1739440202\" class=\"e-n-tab-title\" aria-selected=\"false\" data-tab-index=\"2\" role=\"tab\" tabindex=\"-1\" aria-controls=\"e-n-tab-content-1739440202\" style=\"--n-tabs-title-order: 2;\">\n\t\t\t\t\t\t<span class=\"e-n-tab-title-text\">\n\t\t\t\tBurner System\t\t\t<\/span>\n\t\t<\/button>\n\t\t\t\t<button id=\"e-n-tab-title-1739440203\" class=\"e-n-tab-title\" aria-selected=\"false\" data-tab-index=\"3\" role=\"tab\" tabindex=\"-1\" aria-controls=\"e-n-tab-content-1739440203\" style=\"--n-tabs-title-order: 3;\">\n\t\t\t\t\t\t<span class=\"e-n-tab-title-text\">\n\t\t\t\tFuel\t\t\t<\/span>\n\t\t<\/button>\n\t\t\t\t<button id=\"e-n-tab-title-1739440204\" class=\"e-n-tab-title\" aria-selected=\"false\" data-tab-index=\"4\" role=\"tab\" tabindex=\"-1\" aria-controls=\"e-n-tab-content-1739440204\" style=\"--n-tabs-title-order: 4;\">\n\t\t\t\t\t\t<span class=\"e-n-tab-title-text\">\n\t\t\t\tRefratory\t\t\t<\/span>\n\t\t<\/button>\n\t\t\t\t\t<\/div>\n\t\t\t<div class=\"e-n-tabs-content\">\n\t\t\t\t<div id=\"e-n-tab-content-1739440201\" role=\"tabpanel\" aria-labelledby=\"e-n-tab-title-1739440201\" data-tab-index=\"1\" style=\"--n-tabs-title-order: 1;\" class=\"e-active elementor-element elementor-element-4cb7aa3 e-con-full e-flex e-con e-child\" data-id=\"4cb7aa3\" data-element_type=\"container\">\n\t\t<div class=\"elementor-element elementor-element-c08e80b e-con-full e-flex e-con e-child\" data-id=\"c08e80b\" data-element_type=\"container\">\n\t\t\t\t<div class=\"elementor-element elementor-element-c1c3a20 elementor-widget elementor-widget-text-editor\" data-id=\"c1c3a20\" data-element_type=\"widget\" data-widget_type=\"text-editor.default\">\n\t\t\t\t<div class=\"elementor-widget-container\">\n\t\t\t\t\t\t\t\t\t<table>\n<tbody>\n<tr>\n<td width=\"301\"><strong>Melting Capacity<\/strong><\/td>\n<td width=\"301\">25-100 kg PCB \/ Batch<\/td>\n<\/tr>\n<tr>\n<td width=\"301\"><strong>Melting Temperature<\/strong><\/td>\n<td width=\"301\">Max 1300\u00a0<sup>o<\/sup>C<\/td>\n<\/tr>\n<tr>\n<td width=\"301\"><strong>Total Volume<\/strong><\/td>\n<td width=\"301\">120 Liter<\/td>\n<\/tr>\n<tr>\n<td width=\"301\"><strong>Effective Volume<\/strong><\/td>\n<td width=\"301\">55 Liter<\/td>\n<\/tr>\n<tr>\n<td width=\"301\"><strong>Slag Area<\/strong><\/td>\n<td width=\"301\">55 Liter<\/td>\n<\/tr>\n<tr>\n<td width=\"301\"><strong>Bath Depth<\/strong><\/td>\n<td width=\"301\">\u00a0650 mm<\/td>\n<\/tr>\n<tr>\n<td width=\"301\"><strong>Working Hours<\/strong><\/td>\n<td width=\"301\">\u00a024 hours \/ day<\/td>\n<\/tr>\n<tr>\n<td width=\"301\"><strong>Rotation Speed<\/strong><\/td>\n<td width=\"301\">0-10 rpm<\/td>\n<\/tr>\n<tr>\n<td width=\"301\"><strong>Tilting Angle<\/strong><\/td>\n<td width=\"301\">-35<sup>o\u00a0<\/sup>(Melting )<\/td>\n<\/tr>\n<tr>\n<td width=\"301\"><\/td>\n<td width=\"301\">+10<sup>o<\/sup>\u00a0( Casting)<\/td>\n<\/tr>\n<tr>\n<td width=\"301\"><strong>Tilting Speed<\/strong><\/td>\n<td width=\"301\">40 sec<\/td>\n<\/tr>\n<tr>\n<td width=\"301\"><\/td>\n<td width=\"301\"><\/td>\n<\/tr>\n<tr>\n<td width=\"301\"><strong>Operation Unit<\/strong><\/td>\n<td width=\"301\">Tilting: Gearbox + Gear<\/td>\n<\/tr>\n<tr>\n<td width=\"301\"><\/td>\n<td width=\"301\">Rotation: Gearbox + Gear<\/td>\n<\/tr>\n<tr>\n<td width=\"301\"><\/td>\n<td width=\"301\">Door\u00a0 \u00a0 : Manuel<\/td>\n<\/tr>\n<tr>\n<td width=\"301\"><strong>Oxidation Lance<\/strong><\/td>\n<td width=\"301\">Included<\/td>\n<\/tr>\n<\/tbody>\n<\/table>\t\t\t\t\t\t\t\t<\/div>\n\t\t\t\t<\/div>\n\t\t\t\t<\/div>\n\t\t\t\t<\/div>\n\t\t<div id=\"e-n-tab-content-1739440202\" role=\"tabpanel\" aria-labelledby=\"e-n-tab-title-1739440202\" data-tab-index=\"2\" style=\"--n-tabs-title-order: 2;\" class=\" elementor-element elementor-element-920ae0f e-con-full e-flex e-con e-child\" data-id=\"920ae0f\" data-element_type=\"container\">\n\t\t<div class=\"elementor-element elementor-element-197f9bc e-con-full e-flex e-con e-child\" data-id=\"197f9bc\" data-element_type=\"container\">\n\t\t\t\t<div class=\"elementor-element elementor-element-71906a3 elementor-widget elementor-widget-text-editor\" data-id=\"71906a3\" data-element_type=\"widget\" data-widget_type=\"text-editor.default\">\n\t\t\t\t<div class=\"elementor-widget-container\">\n\t\t\t\t\t\t\t\t\t<table>\n<tbody>\n<tr>\n<td width=\"301\"><strong>Number of Burner<\/strong><\/td>\n<td width=\"301\">1<\/td>\n<\/tr>\n<tr>\n<td width=\"301\"><strong>Burner Type<\/strong><\/td>\n<td width=\"301\">Oxy-Fuel Burner<\/td>\n<\/tr>\n<tr>\n<td width=\"301\"><strong>Burner Capacity<\/strong><\/td>\n<td width=\"301\">300 kw \/ h<\/td>\n<\/tr>\n<tr>\n<td width=\"301\"><strong>Gas Regulation<\/strong><\/td>\n<td width=\"301\">Valve Train<\/td>\n<\/tr>\n<\/tbody>\n<\/table>\t\t\t\t\t\t\t\t<\/div>\n\t\t\t\t<\/div>\n\t\t\t\t<\/div>\n\t\t\t\t<\/div>\n\t\t<div id=\"e-n-tab-content-1739440203\" role=\"tabpanel\" aria-labelledby=\"e-n-tab-title-1739440203\" data-tab-index=\"3\" style=\"--n-tabs-title-order: 3;\" class=\" elementor-element elementor-element-77af395 e-con-full e-flex e-con e-child\" data-id=\"77af395\" data-element_type=\"container\">\n\t\t<div class=\"elementor-element elementor-element-723ee43 e-flex e-con-boxed e-con e-child\" data-id=\"723ee43\" data-element_type=\"container\">\n\t\t\t\t\t<div class=\"e-con-inner\">\n\t\t\t\t<div class=\"elementor-element elementor-element-f4b491e elementor-widget elementor-widget-text-editor\" data-id=\"f4b491e\" data-element_type=\"widget\" data-widget_type=\"text-editor.default\">\n\t\t\t\t<div class=\"elementor-widget-container\">\n\t\t\t\t\t\t\t\t\t<table><tbody><tr><td width=\"301\"><strong>Natural Gas<\/strong><\/td><td width=\"301\">300 bar<\/td><\/tr><tr><td width=\"301\"><strong>Oxygen<\/strong><\/td><td width=\"301\">1-2 Bar<\/td><\/tr><tr><td width=\"301\">\u00a0<\/td><td width=\"301\">\u00a0<\/td><\/tr><tr><td width=\"301\"><strong>Max. Natural Gas Consumption<\/strong><\/td><td width=\"301\">300 m3 \/ h<\/td><\/tr><tr><td width=\"301\"><strong>Nominal Natural Gas Consumption<\/strong><\/td><td width=\"301\">200 m3 \/ h<\/td><\/tr><tr><td width=\"301\">\u00a0<\/td><td width=\"301\">\u00a0<\/td><\/tr><tr><td width=\"301\"><strong>Max. Oxygen Consumption<\/strong><\/td><td width=\"301\">650 m3 \/ h<\/td><\/tr><tr><td width=\"301\"><strong>Nominal Oxygen Consumption<\/strong><\/td><td width=\"301\">420 m3 \/ h<\/td><\/tr><\/tbody><\/table>\t\t\t\t\t\t\t\t<\/div>\n\t\t\t\t<\/div>\n\t\t\t\t\t<\/div>\n\t\t\t\t<\/div>\n\t\t\t\t<\/div>\n\t\t<div id=\"e-n-tab-content-1739440204\" role=\"tabpanel\" aria-labelledby=\"e-n-tab-title-1739440204\" data-tab-index=\"4\" style=\"--n-tabs-title-order: 4;\" class=\" elementor-element elementor-element-6bacf00 e-con-full e-flex e-con e-child\" data-id=\"6bacf00\" data-element_type=\"container\">\n\t\t<div class=\"elementor-element elementor-element-78ab73f e-flex e-con-boxed e-con e-child\" data-id=\"78ab73f\" data-element_type=\"container\">\n\t\t\t\t\t<div class=\"e-con-inner\">\n\t\t\t\t<div class=\"elementor-element elementor-element-7a9351e elementor-widget elementor-widget-text-editor\" data-id=\"7a9351e\" data-element_type=\"widget\" data-widget_type=\"text-editor.default\">\n\t\t\t\t<div class=\"elementor-widget-container\">\n\t\t\t\t\t\t\t\t\t<table><tbody><tr><td width=\"301\"><strong>Working Refractory\u00a0 Chromium Magnesite<\/strong><\/td><td width=\"301\">\u00a0<\/td><\/tr><tr><td width=\"301\"><strong>Safety\/Isolation Refratory<\/strong><\/td><td width=\"301\">Alumina<\/td><\/tr><tr><td width=\"301\"><strong>Isoloation<\/strong><\/td><td width=\"301\">Ceramic Fiber<\/td><\/tr><\/tbody><\/table>\t\t\t\t\t\t\t\t<\/div>\n\t\t\t\t<\/div>\n\t\t\t\t\t<\/div>\n\t\t\t\t<\/div>\n\t\t\t\t<\/div>\n\t\t\t\t\t<\/div>\n\t\t<\/div>\n\t\t\t\t\t\t<\/div>\n\t\t\t\t<\/div>\n\t\t\t\t<div class=\"elementor-element elementor-element-54c2b54 elementor-widget elementor-widget-image\" data-id=\"54c2b54\" data-element_type=\"widget\" data-widget_type=\"image.default\">\n\t\t\t\t<div class=\"elementor-widget-container\">\n\t\t\t\t\t\t\t\t\t\t\t\t\t\t\t<img loading=\"lazy\" decoding=\"async\" width=\"1024\" height=\"535\" src=\"https:\/\/demcoretech.com\/wp-content\/uploads\/2024\/10\/1_TBRC-1536x803-1-1024x535.jpg\" class=\"attachment-large size-large wp-image-2760\" alt=\"\" srcset=\"https:\/\/demcoretech.com\/wp-content\/uploads\/2024\/10\/1_TBRC-1536x803-1-1024x535.jpg 1024w, https:\/\/demcoretech.com\/wp-content\/uploads\/2024\/10\/1_TBRC-1536x803-1-300x157.jpg 300w, https:\/\/demcoretech.com\/wp-content\/uploads\/2024\/10\/1_TBRC-1536x803-1-768x402.jpg 768w, https:\/\/demcoretech.com\/wp-content\/uploads\/2024\/10\/1_TBRC-1536x803-1-600x314.jpg 600w, https:\/\/demcoretech.com\/wp-content\/uploads\/2024\/10\/1_TBRC-1536x803-1.jpg 1536w\" sizes=\"(max-width: 1024px) 100vw, 1024px\" \/>\t\t\t\t\t\t\t\t\t\t\t\t\t\t\t<\/div>\n\t\t\t\t<\/div>\n\t\t\t\t\t<\/div>\n\t\t<\/div>\n\t\t\t\t\t<\/div>\n\t\t<\/section>\n\t\t\t\t<\/div>\n\t\t","protected":false},"excerpt":{"rendered":"<p>TBRC melting systems are the most effective furnace type used in melting electronic waste, catalytic converters, copper-based waste and blister copper. Charging and melting time depends on the type, quality and consistency of the scrap input. A melting cycle includes the following processes: Loading and Melting 3-4 Hours Oxidation and Slagging 2-3 Hours Casting 0.5 [&hellip;]<\/p>\n","protected":false},"author":1,"featured_media":0,"parent":3012,"menu_order":0,"comment_status":"closed","ping_status":"closed","template":"page-template\/crysa-project-single.php","meta":{"footnotes":""},"class_list":["post-3015","page","type-page","status-publish","hentry"],"_links":{"self":[{"href":"https:\/\/demcoretech.com\/tr\/wp-json\/wp\/v2\/pages\/3015","targetHints":{"allow":["GET"]}}],"collection":[{"href":"https:\/\/demcoretech.com\/tr\/wp-json\/wp\/v2\/pages"}],"about":[{"href":"https:\/\/demcoretech.com\/tr\/wp-json\/wp\/v2\/types\/page"}],"author":[{"embeddable":true,"href":"https:\/\/demcoretech.com\/tr\/wp-json\/wp\/v2\/users\/1"}],"replies":[{"embeddable":true,"href":"https:\/\/demcoretech.com\/tr\/wp-json\/wp\/v2\/comments?post=3015"}],"version-history":[{"count":3,"href":"https:\/\/demcoretech.com\/tr\/wp-json\/wp\/v2\/pages\/3015\/revisions"}],"predecessor-version":[{"id":3092,"href":"https:\/\/demcoretech.com\/tr\/wp-json\/wp\/v2\/pages\/3015\/revisions\/3092"}],"up":[{"embeddable":true,"href":"https:\/\/demcoretech.com\/tr\/wp-json\/wp\/v2\/pages\/3012"}],"wp:attachment":[{"href":"https:\/\/demcoretech.com\/tr\/wp-json\/wp\/v2\/media?parent=3015"}],"curies":[{"name":"wp","href":"https:\/\/api.w.org\/{rel}","templated":true}]}}